{"id":51,"date":"2019-02-01T09:34:26","date_gmt":"2019-02-01T09:34:26","guid":{"rendered":"http:\/\/aarburger-feuerwehrverein.ch\/?page_id=51"},"modified":"2019-09-01T15:06:00","modified_gmt":"2019-09-01T13:06:00","slug":"mitglied-werden","status":"publish","type":"page","link":"https:\/\/aarburger-feuerwehrverein.ch\/?page_id=51","title":{"rendered":"Mitglied werden"},"content":{"rendered":"\n<p>Bei uns k\u00f6nnen alle Aktiven, Ehemaligen und Freunde der Feuerwehr Mitglied werden!<\/p>\n\n\n\n<p class=\"has-medium-font-size\"><strong>Anmeldung zur Mitgliedschaft<\/strong><\/p>\n\n\n\n\n<div class=\"gdfrm-form-container \">\n    <div class=\"gdfrm-form-section\">\n\n    <form autocomplete=\"off\" data-title=\"Mitgliedschaft\" action=\"\" method=\"\" class=\"gdfrm-form \" form-id=\"13\" id=\"gdfrm-13\" enctype='multipart\/form-data'>\n                    <div class=\"gdfrm-form-title\">\n                <span>Mitgliedschaft<\/span>\n            <\/div>\n        \n        <div class=\"gdfrm-form-field   gdfrm-selectbox field-148 gdfrm-required\">\n\n    <label for=\"\">\n        Mitgliedschaft                    <span class=\"gdfrm-required\">*<\/span>\n            <\/label>\n    <div>\n        \n                <select                 search=\"1\"                name=\"field-148[]\"\n                class=\"select2   \">\n                            \n                <option value=\"Aktiv [CHF 35.- \/ Jahr]\" >\n                    Aktiv [CHF 35.- \/ Jahr]                                    <\/option>\n                            \n                <option value=\"Passiv [CHF 35.- \/ Jahr]\" >\n                    Passiv [CHF 35.- \/ Jahr]                                    <\/option>\n                            \n                <option value=\"Junioren [CHF 25.- \/ Jahr]\" >\n                    Junioren [CHF 25.- \/ Jahr]                                    <\/option>\n                            \n                <option value=\"G\u00f6nner [freiwillig, Minimum: CHF 25.-]\" >\n                    G\u00f6nner [freiwillig, Minimum: CHF 25.-]                                    <\/option>\n                    <\/select>\n                    <div class=\"gdfrm-quantity-cont\">\n                <input type=\"hidden\" class=\"gdfrm-quantity\"  value=\"1\">\n            <\/div>\n                                <div class=\"error-block\">\n        <\/div>\n            <\/div>\n<\/div>\n<div class=\"gdfrm-form-field    gdfrm-date field-149 gdfrm-required \">\n    <label>\n        Datum                    <span class=\"gdfrm-required\">*<\/span>\n            <\/label>\n            <div>\n            <div class=\"hidden-placeholder\">Datum<\/div>\n            <input type=\"text\" format=\"dd-mm-yy\"\n                   min-date=\"\" max-date=\"\"\n                   class=\"datepicker \" name=\"field-149\"\n                   placeholder=\"\" value=\"\"\n                   id=\"datepicker-149\">\n                                <div class=\"error-block\">\n        <\/div>\n                <\/div>\n    <\/div>\n<div class=\"gdfrm-form-field   gdfrm-text field-150 gdfrm-required \">\n            <label for=\"field-150\">\n                Name \/ Vorname                            <span class=\"gdfrm-required\">*<\/span>\n                    <\/label>\n\n            <div>\n                                    <div class=\"hidden-placeholder\">Name \/ Vorname<\/div>\n                    <input id=\"field-150\"\n                            type=\"text\"\n                           limit=\"0\" limitType=\"char\"\n                           placeholder=\"\" class=\"\"\n                           name=\"field-150\" value=\"\">\n\n                                    \n                                        <div class=\"error-block\">\n        <\/div>\n                    <\/div>\n<\/div><div class=\"gdfrm-form-field   gdfrm-text field-151 gdfrm-required \">\n            <label for=\"field-151\">\n                Adresse \/ Nr.                            <span class=\"gdfrm-required\">*<\/span>\n                    <\/label>\n\n            <div>\n                                    <div class=\"hidden-placeholder\">Adresse \/ Nr.<\/div>\n                    <input id=\"field-151\"\n                            type=\"text\"\n                           limit=\"0\" limitType=\"char\"\n                           placeholder=\"\" class=\"\"\n                           name=\"field-151\" value=\"\">\n\n                                    \n                                        <div class=\"error-block\">\n        <\/div>\n                    <\/div>\n<\/div><div class=\"gdfrm-form-field   gdfrm-text field-152 gdfrm-required \">\n            <label for=\"field-152\">\n                PLZ \/ Ort                            <span class=\"gdfrm-required\">*<\/span>\n                    <\/label>\n\n            <div>\n                                    <div class=\"hidden-placeholder\">PLZ \/ Ort<\/div>\n                    <input id=\"field-152\"\n                            type=\"text\"\n                           limit=\"0\" limitType=\"char\"\n                           placeholder=\"\" class=\"\"\n                           name=\"field-152\" value=\"\">\n\n                                    \n                                        <div class=\"error-block\">\n        <\/div>\n                    <\/div>\n<\/div><div class=\"gdfrm-form-field    gdfrm-date field-153 gdfrm-required \">\n    <label>\n        Geburtsdatum                    <span class=\"gdfrm-required\">*<\/span>\n            <\/label>\n            <div>\n            <div class=\"hidden-placeholder\">Geburtsdatum<\/div>\n            <input type=\"text\" format=\"dd-mm-yy\"\n                   min-date=\"\" max-date=\"\"\n                   class=\"datepicker \" name=\"field-153\"\n                   placeholder=\"\" value=\"\"\n                   id=\"datepicker-153\">\n                                <div class=\"error-block\">\n        <\/div>\n                <\/div>\n    <\/div>\n<div class=\"gdfrm-form-field   gdfrm-phone field-154 gdfrm-required\">\n    <label for=\"field-154\">\n        Telefon \/ Natel                    <span class=\"gdfrm-required\">*<\/span>\n            <\/label>\n    <div>\n                    <div class=\"hidden-placeholder\">Telefon \/ Natel<\/div>\n            <input  id=\"field-154\" type=\"tel\"\n                   placeholder=\"\"  class=\"\"\n                   value=\"\"\n                   name=\"field-154\" >\n                                <div class=\"error-block\">\n        <\/div>\n            <\/div>\n\n<\/div>\n\n<div class=\"gdfrm-form-field   gdfrm-email field-155 gdfrm-required \">\n    <label for=\"field-155\">\n        Email                    <span class=\"gdfrm-required\">*<\/span>\n            <\/label>\n    <div>\n        <div class=\"hidden-placeholder\">Email<\/div>\n        <input id=\"field-155\"  type=\"email\"\n               class=\"\" placeholder=\"\"\n               value=\"\" name=\"field-155\" >\n                        <div class=\"error-block\">\n        <\/div>\n            <\/div>\n<\/div>\n\n<div class=\"gdfrm-form-field   gdfrm-submit field-156 \">\n            <input type=\"submit\" id=\"submit-13\" class=\"\" value=\"Absenden\">\n    <\/div>\n    <div class=\"gdfrm-form-field   gdfrm-recaptcha field-157\">\n                    <label for=\"\">Recaptcha<\/label>\n            <div class=\"gdfrm-captcha-block\" data-form-id='13' >\n                <div id=\"gdfrm-13-recaptcha\" size=\"regular\" theme=\"light\" sitekey=\"6Lc4viUnAAAAAIkjzV-Hf0b2CQ7vGNWwne08ZedM\" ><\/div>\n            <\/div>\n                                <div class=\"error-block\">\n        <\/div>\n                    <\/div>\n\n                <input type=\"hidden\" class=\"required-empty-error\" value=\"Dies ist ein Pflichtfeld\">\n        <input type=\"hidden\" class=\"email-format-error\" value=\"Falsches Email Format\">\n        <input type=\"hidden\" class=\"upload-size-error\" value=\"Maximale Gr\u00f6\u00dfe \u00fcberschritten\">\n        <input type=\"hidden\" class=\"file-format-error\" value=\"\">\n\n        <div class=\"form_loading_icon\"><img decoding=\"async\" src=\"https:\/\/aarburger-feuerwehrverein.ch\/wp-content\/plugins\/easy-contact-form-builder\/assets\/images\/loading.gif\"> <\/div>\n    <\/form>\n\n        <\/div>\n<\/div>\n\n\n\n\n\n\n","protected":false},"excerpt":{"rendered":"<p>Bei uns k\u00f6nnen alle Aktiven, Ehemaligen und Freunde der Feuerwehr Mitglied werden! Anmeldung zur Mitgliedschaft<\/p>\n","protected":false},"author":1,"featured_media":0,"parent":0,"menu_order":0,"comment_status":"closed","ping_status":"closed","template":"","meta":{"ngg_post_thumbnail":0,"footnotes":""},"class_list":["post-51","page","type-page","status-publish","hentry"],"_links":{"self":[{"href":"https:\/\/aarburger-feuerwehrverein.ch\/index.php?rest_route=\/wp\/v2\/pages\/51","targetHints":{"allow":["GET"]}}],"collection":[{"href":"https:\/\/aarburger-feuerwehrverein.ch\/index.php?rest_route=\/wp\/v2\/pages"}],"about":[{"href":"https:\/\/aarburger-feuerwehrverein.ch\/index.php?rest_route=\/wp\/v2\/types\/page"}],"author":[{"embeddable":true,"href":"https:\/\/aarburger-feuerwehrverein.ch\/index.php?rest_route=\/wp\/v2\/users\/1"}],"replies":[{"embeddable":true,"href":"https:\/\/aarburger-feuerwehrverein.ch\/index.php?rest_route=%2Fwp%2Fv2%2Fcomments&post=51"}],"version-history":[{"count":7,"href":"https:\/\/aarburger-feuerwehrverein.ch\/index.php?rest_route=\/wp\/v2\/pages\/51\/revisions"}],"predecessor-version":[{"id":1061,"href":"https:\/\/aarburger-feuerwehrverein.ch\/index.php?rest_route=\/wp\/v2\/pages\/51\/revisions\/1061"}],"wp:attachment":[{"href":"https:\/\/aarburger-feuerwehrverein.ch\/index.php?rest_route=%2Fwp%2Fv2%2Fmedia&parent=51"}],"curies":[{"name":"wp","href":"https:\/\/api.w.org\/{rel}","templated":true}]}}